{"id":145,"date":"2022-01-29T11:15:11","date_gmt":"2022-01-29T10:15:11","guid":{"rendered":"http:\/\/maia.zikg.eu\/data-privacy\/"},"modified":"2024-01-19T11:05:12","modified_gmt":"2024-01-19T10:05:12","slug":"data-privacy","status":"publish","type":"page","link":"https:\/\/www.maiaresearch.org\/en\/data-privacy\/","title":{"rendered":"Data Privacy"},"content":{"rendered":"\n<p>RESPONSIBLE FOR THE WEBSITE<br\/>Prof. Dr. Ulrich Pfisterer<br\/>Director<br\/>Zentralinstitut f\u00fcr Kunstgeschichte<br\/>Katharina-von-Bora-Str. 10<br\/>80333 Munich<br\/>Germany<\/p>\n\n<p>DATA PROTECTION OFFICER<br\/>Dr. Volker Sch\u00fcmmer<br\/>Zentralinstitut f\u00fcr Kunstgeschichte<br\/>Katharina-von-Bora.Str. 10<br\/>80333 Munich<br\/>Germany<br\/>Phone: +49 89 289-27582<br\/>E-Mail: datenschutz@zikg.eu<\/p>\n\n<p>DATA LOGGING<br\/>Using the website of the Zentralinstitut f\u00fcr Kunstgeschichte is fundamentally possible without any indication of personal data. When you visit this page or other internet pages, you transmit data to our web server via your internet browser. The following data are recorded during an active connection for communication between your internet browser and our web server:<br\/><ul><li>Date and time of the request<br\/><\/li><li>The name of the requested file<br\/><\/li><li>The page from which the file was requested<br\/><\/li><li>The access status (file transmitted, file not found, etc.)<br\/><\/li><li>The browser and operating system used<br\/><\/li><li>The complete IP address of the computer making the request<br\/><\/li><li>The amount of data transmitted<\/li><\/ul><br\/>\nFor reasons of technical security, in particular for defense against attempted attacks on our server, these data are stored. The data are processed exclusively for this purpose, a comparison with other data holdings or a transmission to third parties, even if only in excerpts, does not occur.\n<\/p>\n\n<p>COOKIES<br\/>When you visit our website, we store cookies (small text files with information about your visit) on your hard drive. These become invalid at the end of your session. They are required for the unrestricted technical function of the website. Most browsers automatically accept the use of cookies, but you can turn off this function through the browser settings for the current session or permanently.<\/p>\n\n<p>ACTIVE COMPONENTS<br\/>In the information offerings of the Zentralinstitut f\u00fcr Kunstgeschichte, active components such as JavaScript, Java applets, or Active-X controls are used. The use of these functionalities can be turned off through the settings of your internet browser for the current session or permanently.<\/p>\n\n<p>INTEGRATED SERVICES<br\/>We use services, services and content (hereinafter collectively referred to as &#8220;content&#8221;) provided by third-party providers on our website. For such integration, processing of your IP address is technically necessary so that the content can be sent to your browser. Your IP address is therefore transmitted to the respective third-party providers.\n<br\/>The JavaScript programming language is regularly used to integrate the content. You can therefore object to the data processing by deactivating the execution of JavaScript in your browser or installing a JavaScript blocker. Please note that this may result in functional restrictions on the website.<br\/>We have integrated content from the following services provided by third-party providers into our website:\n<br\/><ul><li>&#8220;Google Web Fonts&#8221; by Google LLC (1600 Amphitheatre Parkway, Mountain View, CA 94043, USA; &#8220;Google&#8221;) to display fonts.\nGoogle is certified under the Privacy Shield agreement and thereby offers a guarantee of compliance with European data protection law. (https:\/\/www.privacyshield.gov\/participant?id=a2zt000000001L5AAI&amp;status=Active ).<ul><\/ul>\n<br\/>ELECTRONIC MAIL (E-MAIL)<br\/>Information that you send to us unencrypted via electronic mail (e-mail) can possibly be read by third parties during transmission. Furthermore, we generally cannot confirm your identity and do not know who is behind an e-mail address. Legally compliant communication via normal e-mails is thus not guaranteed. We employ filters against unwanted advertising (SPAM filters) that in rare cases automatically classify normal e-mails erroneously as unwanted advertising and delete them. We always automatically delete e-mails that contain damaging programs (viruses).<br\/>When contacting us via e-mail, your data is stored in order to process your request as well as in case follow-up questions arise..<\/li><\/ul><\/p>\n\n<p>RIGHTS OF THE PERSON CONCERNED<br\/>\nYou have the following rights in your relations with us regarding your personal data:<br\/><ul><li>Right to information<br\/><\/li><li>Right to correction or deletion<br\/><\/li><li>Right to restriction of processing<br\/><\/li><li>Right to object to your data being used or to withdraw consent to its use<br\/><\/li><li>Right to data portability<\/li><\/ul><br\/>To contact us, please use the addresses listed above.<\/p>\n","protected":false},"excerpt":{"rendered":"<p>RESPONSIBLE FOR THE WEBSITEProf. Dr. Ulrich PfistererDirectorZentralinstitut f\u00fcr KunstgeschichteKatharina-von-Bora-Str. 1080333 MunichGermany DATA PROTECTION OFFICERDr. Volker Sch\u00fcmmerZentralinstitut f\u00fcr KunstgeschichteKatharina-von-Bora.Str. 1080333 MunichGermanyPhone: +49 89 289-27582E-Mail: datenschutz@zikg.eu DATA LOGGINGUsing the website of the [&hellip;]<\/p>\n","protected":false},"author":3,"featured_media":0,"parent":0,"menu_order":0,"comment_status":"closed","ping_status":"closed","template":"","meta":{"_acf_changed":false,"footnotes":""},"class_list":["post-145","page","type-page","status-publish","hentry"],"acf":[],"_links":{"self":[{"href":"https:\/\/www.maiaresearch.org\/en\/wp-json\/wp\/v2\/pages\/145","targetHints":{"allow":["GET"]}}],"collection":[{"href":"https:\/\/www.maiaresearch.org\/en\/wp-json\/wp\/v2\/pages"}],"about":[{"href":"https:\/\/www.maiaresearch.org\/en\/wp-json\/wp\/v2\/types\/page"}],"author":[{"embeddable":true,"href":"https:\/\/www.maiaresearch.org\/en\/wp-json\/wp\/v2\/users\/3"}],"replies":[{"embeddable":true,"href":"https:\/\/www.maiaresearch.org\/en\/wp-json\/wp\/v2\/comments?post=145"}],"version-history":[{"count":35,"href":"https:\/\/www.maiaresearch.org\/en\/wp-json\/wp\/v2\/pages\/145\/revisions"}],"predecessor-version":[{"id":1301,"href":"https:\/\/www.maiaresearch.org\/en\/wp-json\/wp\/v2\/pages\/145\/revisions\/1301"}],"wp:attachment":[{"href":"https:\/\/www.maiaresearch.org\/en\/wp-json\/wp\/v2\/media?parent=145"}],"curies":[{"name":"wp","href":"https:\/\/api.w.org\/{rel}","templated":true}]}}