{"id":235,"date":"2022-02-04T12:45:59","date_gmt":"2022-02-04T11:45:59","guid":{"rendered":"http:\/\/maia.zikg.eu\/imprint\/"},"modified":"2023-04-21T13:51:32","modified_gmt":"2023-04-21T11:51:32","slug":"imprint","status":"publish","type":"page","link":"https:\/\/www.maiaresearch.org\/en\/imprint\/","title":{"rendered":"Imprint"},"content":{"rendered":"\n<p><br>Zentralinstitut f\u00fcr Kunstgeschichte<br>Katharina-von-Bora-Stra\u00dfe 10<br>80333 Munich<br>Germany<br>Phone: +49 89 289-27556<br>Fax: +49 89 289-27607<br>E-Mail: <a href=\"mailto:onlineredaktion@zikg.eu\">onlineredaktion@zikg.eu<\/a><\/p>\n\n\n\n<p><a href=\"http:\/\/www.zikg.eu\" data-type=\"URL\" data-id=\"www.zikg.eu\">www.zikg.eu<\/a><\/p>\n\n\n\n<p><br>RESPONSIBLE: Prof. Dr. Ulrich Pfisterer, Director of Zentralinstitut f\u00fcr Kunstgeschichte<br>CONCEPT: Sonja Nakagawa M.A., Prof. Dr. Ulrich Pfisterer<\/p>\n\n\n\n<p>REGULATING GOVERNING BODY: Bavarian State Ministry for Science and Art. (-><a href=\"https:\/\/www.zikg.eu\/institut\/impressum\" data-type=\"URL\" data-id=\"https:\/\/www.zikg.eu\/institut\/impressum\">Ordnung des Zentralinstitut f\u00fcr Kunstgeschichte in der aktuellen Fassung vom 7. November 2012<\/a>)<\/p>\n\n\n\n<p>VALUE-ADDED TAX IDENTIFICATION NUMBER: DE811335517<\/p>\n\n\n\n<p>COPYRIGHT NOTICE: The layout and contents of the website are protected by copyright. Reproduction or use of the texts, images, audio and video files published on the website in other electronic or printed publications is not allowed without the express consent of the rightsholder. All trademarks and logos mentioned and, if applicable, protected by third parties within the website are subject to the unrestricted provisions of the respective valid trademark law and the rights of ownership of the respective registered title bearer. Mere mention of trademarks does not justify the conclusion that such trademarks are not protected by the rights of third parties. External links to the offerings of MAIA are expressly welcome. An unauthorized use of complete pages or complete articles, however, is not admissible.<br><\/p>\n\n\n\n<p>DISCLAIMER: The Zentralinstitut f\u00fcr Kunstgeschichte has developed and verified all information provided in its scope to the best of its knowledge and belief. No guarantee is assumed for the timeliness, accuracy, completeness, quality and availability at any time of the information provided. No liability will be assumed for any possible damage caused by installation or use of software or by computer viruses when accessing or downloading data. The Zentralinstitut f\u00fcr Kunstgeschichte expressly reserves the right to alter, supplement, or delete individual web pages or the entire website without prior notice, or to temporarily or permanently cease publication.<br>The responsibility for external content, which for instance is provided at other websites through direct or indirect external links (hyperlinks) assumes among other things a positive knowledge of any illegal or criminal content.<br>The Zentralinstitut f\u00fcr Kunstgeschichte has no influence whatsoever on external content and does not make such content its own. The Zentralinstitut f\u00fcr Kunstgeschichte has no positive knowledge of illegal or offensive content on the websites of third-party providers to which its website links. Should illegal or offensive content nonetheless be present on the linked websites of third-party providers, the Zentralinstitut f\u00fcr Kunstgeschichte expressly distances itself from such content.<br>Inasmuch as the possibility exists within the website to enter personal or professional data (e-mail addresses, names, addresses), the disclosure of this information on the part of the user occurs on an expressly voluntary basis. The use and payment of all services provided is \u2013 to the extent it is technically possible and reasonable \u2013 also allowed without indication of such information, or else using anonymized data or a pseudonym. The use by third parties of the contact information published within the context of the website credits or similar indications such as postal address, telephone and fax numbers as well as e-mail addresses for the transmission of information not expressly requested is not allowed. Legal measures against the senders of so-called spam mail in violation of this ban are expressly reserved.<br>This disclaimer is to be understood as part of the internet presence of the Zentralinstitut f\u00fcr Kunstgeschichte. Inasmuch as portions or individual formulations of this text do not correspond, no longer correspond, or do not fully correspond to the prevailing legal norms, the remaining portions of the document remain unaffected in their content and validity.<br>The German version of this website is the definitive version of record for any and all legal and other purposes.<\/p>\n\n\n\n<p>\/\/ IMAGES CREDITS<\/p>\n\n\n\n<p>Figure of a young Burmese woman, around 1900, detail \u00a9 Museum F\u00fcnf Kontinente, Foto: M. Franke<\/p>\n\n\n\n<p>El Lissitzky, These are Two Squares, in: About Two Squares, 1920 | El Lissitzky creator QS:P170,Q152233,  <a rel=\"noreferrer noopener\" href=\"https:\/\/commons.wikimedia.org\/wiki\/File:ElLissitsky-Suprem-04.jpg\" target=\"_blank\">ElLissitsky-Suprem-04<\/a>, marked as public domain, details on <a rel=\"noreferrer noopener\" href=\"https:\/\/commons.wikimedia.org\/wiki\/Template:PD-old\" target=\"_blank\">Wikimedia Commons<\/a><\/p>\n\n\n\n<p>Simon Troger, The Abduction of Proserpina, between 1750 and 1760 \u00a9 Bayerisches Nationalmuseum. Das Schatzhaus an der Eisbachwelle<\/p>\n\n\n\n<p>Sobek- und Haroeris-Temple, Kom Ombo, Ptolemaic period \u00a9 Institut f\u00fcr \u00c4gyptologie und Koptologie der Ludwig-Maximilians-Universit\u00e4t M\u00fcnchen<\/p>\n\n\n\n<p>Doryphoros, various casts \u00a9 Museum f\u00fcr Abg\u00fcsse Klassischer Bildwerke<\/p>\n","protected":false},"excerpt":{"rendered":"<p>Zentralinstitut f\u00fcr KunstgeschichteKatharina-von-Bora-Stra\u00dfe 1080333 MunichGermanyPhone: +49 89 289-27556Fax: +49 89 289-27607E-Mail: onlineredaktion@zikg.eu www.zikg.eu RESPONSIBLE: Prof. Dr. Ulrich Pfisterer, Director of Zentralinstitut f\u00fcr KunstgeschichteCONCEPT: Sonja Nakagawa M.A., Prof. Dr. Ulrich Pfisterer [&hellip;]<\/p>\n","protected":false},"author":3,"featured_media":0,"parent":0,"menu_order":0,"comment_status":"closed","ping_status":"closed","template":"","meta":{"_acf_changed":false,"footnotes":""},"class_list":["post-235","page","type-page","status-publish","hentry"],"acf":[],"_links":{"self":[{"href":"https:\/\/www.maiaresearch.org\/en\/wp-json\/wp\/v2\/pages\/235","targetHints":{"allow":["GET"]}}],"collection":[{"href":"https:\/\/www.maiaresearch.org\/en\/wp-json\/wp\/v2\/pages"}],"about":[{"href":"https:\/\/www.maiaresearch.org\/en\/wp-json\/wp\/v2\/types\/page"}],"author":[{"embeddable":true,"href":"https:\/\/www.maiaresearch.org\/en\/wp-json\/wp\/v2\/users\/3"}],"replies":[{"embeddable":true,"href":"https:\/\/www.maiaresearch.org\/en\/wp-json\/wp\/v2\/comments?post=235"}],"version-history":[{"count":33,"href":"https:\/\/www.maiaresearch.org\/en\/wp-json\/wp\/v2\/pages\/235\/revisions"}],"predecessor-version":[{"id":647,"href":"https:\/\/www.maiaresearch.org\/en\/wp-json\/wp\/v2\/pages\/235\/revisions\/647"}],"wp:attachment":[{"href":"https:\/\/www.maiaresearch.org\/en\/wp-json\/wp\/v2\/media?parent=235"}],"curies":[{"name":"wp","href":"https:\/\/api.w.org\/{rel}","templated":true}]}}